{"id":66,"date":"2020-11-05T18:35:08","date_gmt":"2020-11-05T18:35:08","guid":{"rendered":"https:\/\/reproteknica.es\/?page_id=66"},"modified":"2024-01-10T19:24:07","modified_gmt":"2024-01-10T18:24:07","slug":"multimarca","status":"publish","type":"page","link":"https:\/\/reproteknica.es\/copia-de-llaves-y-mandos\/multimarca\/","title":{"rendered":"Servicio Multimarca"},"content":{"rendered":"<div class=\"wp-block-image is-style-rounded\">\n<figure class=\"aligncenter size-large\"><img fetchpriority=\"high\" decoding=\"async\" width=\"300\" height=\"300\" src=\"https:\/\/reproteknica.es\/wp-content\/uploads\/2020\/11\/copia-llave-multimarca-3.jpg\" alt=\"\" class=\"wp-image-116\" srcset=\"https:\/\/reproteknica.es\/wp-content\/uploads\/2020\/11\/copia-llave-multimarca-3.jpg 300w, https:\/\/reproteknica.es\/wp-content\/uploads\/2020\/11\/copia-llave-multimarca-3-150x150.jpg 150w\" sizes=\"(max-width: 300px) 100vw, 300px\" \/><\/figure>\n<\/div>\n\n\n<p><strong>En Reproteknica<\/strong>, os ofrecemos el servicio de&nbsp;<strong>realizar copia de llave, o mando en Valencia para el 90% de las marcas en tan s\u00f3lo 40 minutos.&nbsp;<\/strong><\/p>\n\n\n\n<p>Ofrecemos el&nbsp;<strong>servicio para toda la pen\u00ednsula y las islas<\/strong>, la \u00fanica diferencia ser\u00e1 que habr\u00e1 que&nbsp;<strong>enviar un m\u00f3dulo electr\u00f3nico que nosotros le indicar\u00edamos.<\/strong><\/p>\n\n\n\n<h3 class=\"wp-block-heading\">Servicio Premium Multimarca <\/h3>\n\n\n\n<p>Ofrecemos&nbsp;<strong>servicio de reparaci\u00f3n y\/o adaptaci\u00f3n de mandos,unidades electr\u00f3nicas<\/strong>, <strong>reprogramacion potencia<\/strong>, <strong>reset de unidades de airbag<\/strong>, <strong>cuadros de intrumentos<\/strong>.<\/p>\n\n\n\n<p>As\u00ed como&nbsp;<strong>diagnostico y localizaci\u00f3n de aver\u00edas electr\u00f3nicas<\/strong>. (Siempre previa cita, para poder dejar el veh\u00edculo en nuestras instalaciones).<\/p>\n\n\n\n<h4 class=\"wp-block-heading\">Cont\u00e1ctanos en el:<\/h4>\n\n\n\n<p>Tel : <strong><span style=\"background-color:rgba(0, 0, 0, 0)\" class=\"has-inline-color has-vivid-cyan-blue-color\">650309036<\/span><\/strong><\/p>\n\n\n\n<p>info@reproteknica.es<\/p>\n\n\n\n<p>O D\u00e9janos un mensaje y nosotros contactaremos contigo:<\/p>\n\n\n<div class=\"wp-block-jetpack-contact-form\"><a href=\"https:\/\/reproteknica.es\/copia-de-llaves-y-mandos\/multimarca\/\" target=\"_blank\" rel=\"noopener noreferrer\">Env\u00eda un formulario.<\/a><\/div>","protected":false},"excerpt":{"rendered":"<p>En Reproteknica, os ofrecemos el servicio de&nbsp;realizar copia de llave, o mando en Valencia para el 90% de las marcas en tan s\u00f3lo 40 minutos.&nbsp; Ofrecemos el&nbsp;servicio para toda la pen\u00ednsula y las islas, la \u00fanica diferencia ser\u00e1 que habr\u00e1 que&nbsp;enviar un m\u00f3dulo electr\u00f3nico que nosotros le indicar\u00edamos. Servicio Premium Multimarca Ofrecemos&nbsp;servicio de reparaci\u00f3n y\/o [&hellip;]<\/p>\n","protected":false},"author":1,"featured_media":0,"parent":0,"menu_order":0,"comment_status":"closed","ping_status":"closed","template":"","meta":{"footnotes":""},"class_list":["post-66","page","type-page","status-publish","hentry"],"yoast_head":"<!-- This site is optimized with the Yoast SEO plugin v26.6 - https:\/\/yoast.com\/wordpress\/plugins\/seo\/ -->\n<title>Servicio Multimarca -<\/title>\n<meta name=\"robots\" content=\"index, follow, max-snippet:-1, max-image-preview:large, max-video-preview:-1\" \/>\n<link rel=\"canonical\" href=\"https:\/\/reproteknica.es\/copia-de-llaves-y-mandos\/multimarca\/\" \/>\n<meta property=\"og:locale\" content=\"es_ES\" \/>\n<meta property=\"og:type\" content=\"article\" \/>\n<meta property=\"og:title\" content=\"Servicio Multimarca -\" \/>\n<meta property=\"og:description\" content=\"En Reproteknica, os ofrecemos el servicio de&nbsp;realizar copia de llave, o mando en Valencia para el 90% de las marcas en tan s\u00f3lo 40 minutos.&nbsp; Ofrecemos el&nbsp;servicio para toda la pen\u00ednsula y las islas, la \u00fanica diferencia ser\u00e1 que habr\u00e1 que&nbsp;enviar un m\u00f3dulo electr\u00f3nico que nosotros le indicar\u00edamos. Servicio Premium Multimarca Ofrecemos&nbsp;servicio de reparaci\u00f3n y\/o [&hellip;]\" \/>\n<meta property=\"og:url\" content=\"https:\/\/reproteknica.es\/copia-de-llaves-y-mandos\/multimarca\/\" \/>\n<meta property=\"article:modified_time\" content=\"2024-01-10T18:24:07+00:00\" \/>\n<meta property=\"og:image\" content=\"https:\/\/reproteknica.es\/wp-content\/uploads\/2020\/11\/copia-llave-multimarca-3.jpg\" \/>\n<meta name=\"twitter:card\" content=\"summary_large_image\" \/>\n<meta name=\"twitter:label1\" content=\"Tiempo de lectura\" \/>\n\t<meta name=\"twitter:data1\" content=\"1 minuto\" \/>\n<script type=\"application\/ld+json\" class=\"yoast-schema-graph\">{\"@context\":\"https:\/\/schema.org\",\"@graph\":[{\"@type\":\"WebPage\",\"@id\":\"https:\/\/reproteknica.es\/copia-de-llaves-y-mandos\/multimarca\/\",\"url\":\"https:\/\/reproteknica.es\/copia-de-llaves-y-mandos\/multimarca\/\",\"name\":\"Servicio Multimarca -\",\"isPartOf\":{\"@id\":\"https:\/\/reproteknica.es\/copia-de-llaves-y-mandos\/#website\"},\"primaryImageOfPage\":{\"@id\":\"https:\/\/reproteknica.es\/copia-de-llaves-y-mandos\/multimarca\/#primaryimage\"},\"image\":{\"@id\":\"https:\/\/reproteknica.es\/copia-de-llaves-y-mandos\/multimarca\/#primaryimage\"},\"thumbnailUrl\":\"https:\/\/reproteknica.es\/wp-content\/uploads\/2020\/11\/copia-llave-multimarca-3.jpg\",\"datePublished\":\"2020-11-05T18:35:08+00:00\",\"dateModified\":\"2024-01-10T18:24:07+00:00\",\"breadcrumb\":{\"@id\":\"https:\/\/reproteknica.es\/copia-de-llaves-y-mandos\/multimarca\/#breadcrumb\"},\"inLanguage\":\"es\",\"potentialAction\":[{\"@type\":\"ReadAction\",\"target\":[\"https:\/\/reproteknica.es\/copia-de-llaves-y-mandos\/multimarca\/\"]}]},{\"@type\":\"ImageObject\",\"inLanguage\":\"es\",\"@id\":\"https:\/\/reproteknica.es\/copia-de-llaves-y-mandos\/multimarca\/#primaryimage\",\"url\":\"https:\/\/reproteknica.es\/wp-content\/uploads\/2020\/11\/copia-llave-multimarca-3.jpg\",\"contentUrl\":\"https:\/\/reproteknica.es\/wp-content\/uploads\/2020\/11\/copia-llave-multimarca-3.jpg\"},{\"@type\":\"BreadcrumbList\",\"@id\":\"https:\/\/reproteknica.es\/copia-de-llaves-y-mandos\/multimarca\/#breadcrumb\",\"itemListElement\":[{\"@type\":\"ListItem\",\"position\":1,\"name\":\"Portada\",\"item\":\"https:\/\/reproteknica.es\/copia-de-llaves-y-mandos\/\"},{\"@type\":\"ListItem\",\"position\":2,\"name\":\"Servicio Multimarca\"}]},{\"@type\":\"WebSite\",\"@id\":\"https:\/\/reproteknica.es\/copia-de-llaves-y-mandos\/#website\",\"url\":\"https:\/\/reproteknica.es\/copia-de-llaves-y-mandos\/\",\"name\":\"\",\"description\":\"\",\"potentialAction\":[{\"@type\":\"SearchAction\",\"target\":{\"@type\":\"EntryPoint\",\"urlTemplate\":\"https:\/\/reproteknica.es\/copia-de-llaves-y-mandos\/?s={search_term_string}\"},\"query-input\":{\"@type\":\"PropertyValueSpecification\",\"valueRequired\":true,\"valueName\":\"search_term_string\"}}],\"inLanguage\":\"es\"}]}<\/script>\n<!-- \/ Yoast SEO plugin. -->","yoast_head_json":{"title":"Servicio Multimarca -","robots":{"index":"index","follow":"follow","max-snippet":"max-snippet:-1","max-image-preview":"max-image-preview:large","max-video-preview":"max-video-preview:-1"},"canonical":"https:\/\/reproteknica.es\/copia-de-llaves-y-mandos\/multimarca\/","og_locale":"es_ES","og_type":"article","og_title":"Servicio Multimarca -","og_description":"En Reproteknica, os ofrecemos el servicio de&nbsp;realizar copia de llave, o mando en Valencia para el 90% de las marcas en tan s\u00f3lo 40 minutos.&nbsp; Ofrecemos el&nbsp;servicio para toda la pen\u00ednsula y las islas, la \u00fanica diferencia ser\u00e1 que habr\u00e1 que&nbsp;enviar un m\u00f3dulo electr\u00f3nico que nosotros le indicar\u00edamos. Servicio Premium Multimarca Ofrecemos&nbsp;servicio de reparaci\u00f3n y\/o [&hellip;]","og_url":"https:\/\/reproteknica.es\/copia-de-llaves-y-mandos\/multimarca\/","article_modified_time":"2024-01-10T18:24:07+00:00","og_image":[{"url":"https:\/\/reproteknica.es\/wp-content\/uploads\/2020\/11\/copia-llave-multimarca-3.jpg","type":"","width":"","height":""}],"twitter_card":"summary_large_image","twitter_misc":{"Tiempo de lectura":"1 minuto"},"schema":{"@context":"https:\/\/schema.org","@graph":[{"@type":"WebPage","@id":"https:\/\/reproteknica.es\/copia-de-llaves-y-mandos\/multimarca\/","url":"https:\/\/reproteknica.es\/copia-de-llaves-y-mandos\/multimarca\/","name":"Servicio Multimarca -","isPartOf":{"@id":"https:\/\/reproteknica.es\/copia-de-llaves-y-mandos\/#website"},"primaryImageOfPage":{"@id":"https:\/\/reproteknica.es\/copia-de-llaves-y-mandos\/multimarca\/#primaryimage"},"image":{"@id":"https:\/\/reproteknica.es\/copia-de-llaves-y-mandos\/multimarca\/#primaryimage"},"thumbnailUrl":"https:\/\/reproteknica.es\/wp-content\/uploads\/2020\/11\/copia-llave-multimarca-3.jpg","datePublished":"2020-11-05T18:35:08+00:00","dateModified":"2024-01-10T18:24:07+00:00","breadcrumb":{"@id":"https:\/\/reproteknica.es\/copia-de-llaves-y-mandos\/multimarca\/#breadcrumb"},"inLanguage":"es","potentialAction":[{"@type":"ReadAction","target":["https:\/\/reproteknica.es\/copia-de-llaves-y-mandos\/multimarca\/"]}]},{"@type":"ImageObject","inLanguage":"es","@id":"https:\/\/reproteknica.es\/copia-de-llaves-y-mandos\/multimarca\/#primaryimage","url":"https:\/\/reproteknica.es\/wp-content\/uploads\/2020\/11\/copia-llave-multimarca-3.jpg","contentUrl":"https:\/\/reproteknica.es\/wp-content\/uploads\/2020\/11\/copia-llave-multimarca-3.jpg"},{"@type":"BreadcrumbList","@id":"https:\/\/reproteknica.es\/copia-de-llaves-y-mandos\/multimarca\/#breadcrumb","itemListElement":[{"@type":"ListItem","position":1,"name":"Portada","item":"https:\/\/reproteknica.es\/copia-de-llaves-y-mandos\/"},{"@type":"ListItem","position":2,"name":"Servicio Multimarca"}]},{"@type":"WebSite","@id":"https:\/\/reproteknica.es\/copia-de-llaves-y-mandos\/#website","url":"https:\/\/reproteknica.es\/copia-de-llaves-y-mandos\/","name":"","description":"","potentialAction":[{"@type":"SearchAction","target":{"@type":"EntryPoint","urlTemplate":"https:\/\/reproteknica.es\/copia-de-llaves-y-mandos\/?s={search_term_string}"},"query-input":{"@type":"PropertyValueSpecification","valueRequired":true,"valueName":"search_term_string"}}],"inLanguage":"es"}]}},"jetpack_sharing_enabled":true,"_links":{"self":[{"href":"https:\/\/reproteknica.es\/copia-de-llaves-y-mandos\/wp-json\/wp\/v2\/pages\/66","targetHints":{"allow":["GET"]}}],"collection":[{"href":"https:\/\/reproteknica.es\/copia-de-llaves-y-mandos\/wp-json\/wp\/v2\/pages"}],"about":[{"href":"https:\/\/reproteknica.es\/copia-de-llaves-y-mandos\/wp-json\/wp\/v2\/types\/page"}],"author":[{"embeddable":true,"href":"https:\/\/reproteknica.es\/copia-de-llaves-y-mandos\/wp-json\/wp\/v2\/users\/1"}],"replies":[{"embeddable":true,"href":"https:\/\/reproteknica.es\/copia-de-llaves-y-mandos\/wp-json\/wp\/v2\/comments?post=66"}],"version-history":[{"count":6,"href":"https:\/\/reproteknica.es\/copia-de-llaves-y-mandos\/wp-json\/wp\/v2\/pages\/66\/revisions"}],"predecessor-version":[{"id":488,"href":"https:\/\/reproteknica.es\/copia-de-llaves-y-mandos\/wp-json\/wp\/v2\/pages\/66\/revisions\/488"}],"wp:attachment":[{"href":"https:\/\/reproteknica.es\/copia-de-llaves-y-mandos\/wp-json\/wp\/v2\/media?parent=66"}],"curies":[{"name":"wp","href":"https:\/\/api.w.org\/{rel}","templated":true}]}}